{"id":27,"date":"2021-04-26T08:30:31","date_gmt":"2021-04-26T06:30:31","guid":{"rendered":"https:\/\/www.exportceramfideuro.com\/home\/"},"modified":"2022-01-28T10:11:29","modified_gmt":"2022-01-28T09:11:29","slug":"home","status":"publish","type":"page","link":"https:\/\/www.exportceramfideuro.com\/fr\/","title":{"rendered":"Home"},"content":{"rendered":"\n<p><\/p>\n\n<h2 class=\"has-text-align-center wp-block-heading\" id=\"azienda-ceramica-produttori-di-piastrelle-made-in-italy\">Soci\u00e9t\u00e9 en c\u00e9ramique, fabricant de tuiles Made in Italy.<\/h2>\n","protected":false},"excerpt":{"rendered":"<p>Soci\u00e9t\u00e9 en c\u00e9ramique, fabricant de tuiles Made in Italy.<\/p>\n","protected":false},"author":1,"featured_media":0,"parent":0,"menu_order":0,"comment_status":"closed","ping_status":"closed","template":"","meta":{"_acf_changed":false,"footnotes":""},"class_list":["post-27","page","type-page","status-publish","hentry"],"acf":[],"_links":{"self":[{"href":"https:\/\/www.exportceramfideuro.com\/fr\/wp-json\/wp\/v2\/pages\/27","targetHints":{"allow":["GET"]}}],"collection":[{"href":"https:\/\/www.exportceramfideuro.com\/fr\/wp-json\/wp\/v2\/pages"}],"about":[{"href":"https:\/\/www.exportceramfideuro.com\/fr\/wp-json\/wp\/v2\/types\/page"}],"author":[{"embeddable":true,"href":"https:\/\/www.exportceramfideuro.com\/fr\/wp-json\/wp\/v2\/users\/1"}],"replies":[{"embeddable":true,"href":"https:\/\/www.exportceramfideuro.com\/fr\/wp-json\/wp\/v2\/comments?post=27"}],"version-history":[{"count":2,"href":"https:\/\/www.exportceramfideuro.com\/fr\/wp-json\/wp\/v2\/pages\/27\/revisions"}],"predecessor-version":[{"id":152,"href":"https:\/\/www.exportceramfideuro.com\/fr\/wp-json\/wp\/v2\/pages\/27\/revisions\/152"}],"wp:attachment":[{"href":"https:\/\/www.exportceramfideuro.com\/fr\/wp-json\/wp\/v2\/media?parent=27"}],"curies":[{"name":"wp","href":"https:\/\/api.w.org\/{rel}","templated":true}]}}